{"id":2127,"date":"2022-12-09T08:29:50","date_gmt":"2022-12-09T08:29:50","guid":{"rendered":"https:\/\/indianlandorthodontics.broadstreet.us\/?page_id=2127"},"modified":"2025-01-08T14:40:17","modified_gmt":"2025-01-08T14:40:17","slug":"meet-dr-quimby","status":"publish","type":"page","link":"https:\/\/www.indianlandorthodontics.com\/es\/meet-dr-quimby\/","title":{"rendered":"MEET DR. MEREDITH L. QUIMBY"},"content":{"rendered":"<div data-elementor-type=\"wp-page\" data-elementor-id=\"2127\" class=\"elementor elementor-2127\">\n\t\t\t\t\t\t<section class=\"elementor-section elementor-top-section elementor-element elementor-element-49d6b0a elementor-section-full_width elementor-section-height-default elementor-section-height-default\" data-id=\"49d6b0a\" data-element_type=\"section\" data-settings=\"{&quot;background_background&quot;:&quot;classic&quot;}\">\n\t\t\t\t\t\t<div class=\"elementor-container elementor-column-gap-default\">\n\t\t\t\t\t<div class=\"elementor-column elementor-col-33 elementor-top-column elementor-element elementor-element-bf032d0\" data-id=\"bf032d0\" data-element_type=\"column\">\n\t\t\t<div class=\"elementor-widget-wrap\">\n\t\t\t\t\t\t\t<\/div>\n\t\t<\/div>\n\t\t\t\t<div class=\"elementor-column elementor-col-33 elementor-top-column elementor-element elementor-element-41574f6\" data-id=\"41574f6\" data-element_type=\"column\" data-settings=\"{&quot;background_background&quot;:&quot;gradient&quot;}\">\n\t\t\t<div class=\"elementor-widget-wrap elementor-element-populated\">\n\t\t\t\t\t\t<div class=\"elementor-element elementor-element-8a3212e elementor-widget elementor-widget-heading\" data-id=\"8a3212e\" data-element_type=\"widget\" data-widget_type=\"heading.default\">\n\t\t\t\t<div class=\"elementor-widget-container\">\n\t\t\t<h1 class=\"elementor-heading-title elementor-size-default\">Dr. Quimby - Ortodoncista Indian Land SC<\/h1>\t\t<\/div>\n\t\t\t\t<\/div>\n\t\t\t\t\t<\/div>\n\t\t<\/div>\n\t\t\t\t<div class=\"elementor-column elementor-col-33 elementor-top-column elementor-element elementor-element-09f3998\" data-id=\"09f3998\" data-element_type=\"column\">\n\t\t\t<div class=\"elementor-widget-wrap\">\n\t\t\t\t\t\t\t<\/div>\n\t\t<\/div>\n\t\t\t\t\t<\/div>\n\t\t<\/section>\n\t\t\t\t<section class=\"elementor-section elementor-top-section elementor-element elementor-element-72eecd5 elementor-section-boxed elementor-section-height-default elementor-section-height-default\" data-id=\"72eecd5\" data-element_type=\"section\">\n\t\t\t\t\t\t<div class=\"elementor-container elementor-column-gap-default\">\n\t\t\t\t\t<div class=\"elementor-column elementor-col-100 elementor-top-column elementor-element elementor-element-f0b3063\" data-id=\"f0b3063\" data-element_type=\"column\">\n\t\t\t<div class=\"elementor-widget-wrap elementor-element-populated\">\n\t\t\t\t\t\t<section class=\"elementor-section elementor-inner-section elementor-element elementor-element-b1a2cc6 elementor-section-boxed elementor-section-height-default elementor-section-height-default\" data-id=\"b1a2cc6\" data-element_type=\"section\">\n\t\t\t\t\t\t<div class=\"elementor-container elementor-column-gap-default\">\n\t\t\t\t\t<div class=\"elementor-column elementor-col-50 elementor-inner-column elementor-element elementor-element-6759124\" data-id=\"6759124\" data-element_type=\"column\">\n\t\t\t<div class=\"elementor-widget-wrap elementor-element-populated\">\n\t\t\t\t\t\t<div class=\"elementor-element elementor-element-e898fa7 elementor-widget elementor-widget-image\" data-id=\"e898fa7\" data-element_type=\"widget\" data-widget_type=\"image.default\">\n\t\t\t\t<div class=\"elementor-widget-container\">\n\t\t\t\t\t\t\t\t\t\t\t\t\t<img fetchpriority=\"high\" decoding=\"async\" width=\"500\" height=\"500\" src=\"https:\/\/www.indianlandorthodontics.com\/wp-content\/uploads\/2025\/01\/2.jpg\" class=\"attachment-full size-full wp-image-2434\" alt=\"\" srcset=\"https:\/\/www.indianlandorthodontics.com\/wp-content\/uploads\/2025\/01\/2.jpg 500w, https:\/\/www.indianlandorthodontics.com\/wp-content\/uploads\/2025\/01\/2-300x300.jpg 300w, https:\/\/www.indianlandorthodontics.com\/wp-content\/uploads\/2025\/01\/2-150x150.jpg 150w, https:\/\/www.indianlandorthodontics.com\/wp-content\/uploads\/2025\/01\/2-12x12.jpg 12w\" sizes=\"(max-width: 500px) 100vw, 500px\" \/>\t\t\t\t\t\t\t\t\t\t\t\t\t<\/div>\n\t\t\t\t<\/div>\n\t\t\t\t\t<\/div>\n\t\t<\/div>\n\t\t\t\t<div class=\"elementor-column elementor-col-50 elementor-inner-column elementor-element elementor-element-4b54fd8\" data-id=\"4b54fd8\" data-element_type=\"column\">\n\t\t\t<div class=\"elementor-widget-wrap elementor-element-populated\">\n\t\t\t\t\t\t<div class=\"elementor-element elementor-element-f183d4a elementor-widget elementor-widget-text-editor\" data-id=\"f183d4a\" data-element_type=\"widget\" data-widget_type=\"text-editor.default\">\n\t\t\t\t<div class=\"elementor-widget-container\">\n\t\t\t\t\t\t\t<span style=\"    font-size: 25px;    font-weight: 500;\">Encontrarse<\/span><br>\nDR. MEREDITH L. QUIMBY\t\t\t\t\t\t<\/div>\n\t\t\t\t<\/div>\n\t\t\t\t<div class=\"elementor-element elementor-element-e34480b about_text elementor-widget elementor-widget-text-editor\" data-id=\"e34480b\" data-element_type=\"widget\" data-widget_type=\"text-editor.default\">\n\t\t\t\t<div class=\"elementor-widget-container\">\n\t\t\t\t\t\t\t<p>El Dr. Quimby es un Tarheel que tiene ra\u00edces en el Medio Oeste.<\/p><p>Al crecer en Iowa, a Meredith Quimby generalmente se la pod\u00eda encontrar en el campo de golf. Se convirti\u00f3 en campeona estatal de escuelas secundarias de Iowa y fue reclutada en todo el pa\u00eds para jugar golf de primer nivel. El clima, el nivel acad\u00e9mico y la oportunidad de competir al m\u00e1s alto nivel universitario hicieron que la Universidad de Carolina del Norte-Chapel Hill fuera la opci\u00f3n adecuada. El Dr. Quimby compiti\u00f3 en numerosos torneos de la NCAA y eventos nacionales de aficionados. Alguna vez so\u00f1\u00f3 con el golf profesional, pero decidi\u00f3 combinar su pasi\u00f3n por la ciencia y su personalidad extrovertida con otra profesi\u00f3n de precisi\u00f3n y perfecci\u00f3n: la ortodoncia.<\/p><p>El Dr. Quimby se gradu\u00f3 de la Universidad de Carolina del Norte-Chapel Hill con una licenciatura en Biolog\u00eda y Qu\u00edmica y regres\u00f3 a Iowa. Asisti\u00f3 a la Facultad de Odontolog\u00eda de la Universidad de Iowa, donde obtuvo su t\u00edtulo de Doctora en Cirug\u00eda Dental. Mientras estaba en la escuela de odontolog\u00eda, tambi\u00e9n trabaj\u00f3 en un laboratorio de investigaci\u00f3n craneofacial estudiando las causas gen\u00e9ticas del labio y paladar hendido como parte del Proyecto Genoma Humano. Complet\u00f3 su residencia en ortodoncia en la Universidad Estatal de Ohio y obtuvo una Maestr\u00eda en Ciencias en ortodoncia. La Dra. Quimby contin\u00faa centrando su formaci\u00f3n cient\u00edfica en las nuevas tecnolog\u00edas de Cone Beam CT, SureSmile\u00ae y lo \u00faltimo en biomec\u00e1nica de ortodoncia. Su combinaci\u00f3n de gen\u00e9tica y experiencia en ortodoncia tambi\u00e9n la convierte en un activo valioso para nuestro equipo regional de labio y paladar hendido.<\/p>\t\t\t\t\t\t<\/div>\n\t\t\t\t<\/div>\n\t\t\t\t\t<\/div>\n\t\t<\/div>\n\t\t\t\t\t<\/div>\n\t\t<\/section>\n\t\t\t\t\t<\/div>\n\t\t<\/div>\n\t\t\t\t\t<\/div>\n\t\t<\/section>\n\t\t\t\t<section class=\"elementor-section elementor-top-section elementor-element elementor-element-c05334d elementor-section-full_width elementor-section-height-default elementor-section-height-default\" data-id=\"c05334d\" data-element_type=\"section\" data-settings=\"{&quot;background_background&quot;:&quot;classic&quot;}\">\n\t\t\t\t\t\t<div class=\"elementor-container elementor-column-gap-default\">\n\t\t\t\t\t<div class=\"elementor-column elementor-col-100 elementor-top-column elementor-element elementor-element-40baa07\" data-id=\"40baa07\" data-element_type=\"column\">\n\t\t\t<div class=\"elementor-widget-wrap elementor-element-populated\">\n\t\t\t\t\t\t<section class=\"elementor-section elementor-inner-section elementor-element elementor-element-706111e elementor-section-boxed elementor-section-height-default elementor-section-height-default\" data-id=\"706111e\" data-element_type=\"section\">\n\t\t\t\t\t\t<div class=\"elementor-container elementor-column-gap-no\">\n\t\t\t\t\t<div class=\"elementor-column elementor-col-100 elementor-inner-column elementor-element elementor-element-7bff0c9\" data-id=\"7bff0c9\" data-element_type=\"column\">\n\t\t\t<div class=\"elementor-widget-wrap elementor-element-populated\">\n\t\t\t\t\t\t<div class=\"elementor-element elementor-element-6eba70c elementor-widget elementor-widget-heading\" data-id=\"6eba70c\" data-element_type=\"widget\" data-widget_type=\"heading.default\">\n\t\t\t\t<div class=\"elementor-widget-container\">\n\t\t\t<h2 class=\"elementor-heading-title elementor-size-default\">Nuestros pacientes felices<\/h2>\t\t<\/div>\n\t\t\t\t<\/div>\n\t\t\t\t<div class=\"elementor-element elementor-element-46a28ca elementor-widget elementor-widget-heading\" data-id=\"46a28ca\" data-element_type=\"widget\" data-widget_type=\"heading.default\">\n\t\t\t\t<div class=\"elementor-widget-container\">\n\t\t\t<h2 class=\"elementor-heading-title elementor-size-default\">Tu sonrisa es nuestra prioridad<\/h2>\t\t<\/div>\n\t\t\t\t<\/div>\n\t\t\t\t\t<\/div>\n\t\t<\/div>\n\t\t\t\t\t<\/div>\n\t\t<\/section>\n\t\t\t\t<section class=\"elementor-section elementor-inner-section elementor-element elementor-element-c62237d elementor-section-boxed elementor-section-height-default elementor-section-height-default\" data-id=\"c62237d\" data-element_type=\"section\">\n\t\t\t\t\t\t<div class=\"elementor-container elementor-column-gap-default\">\n\t\t\t\t\t<div class=\"elementor-column elementor-col-33 elementor-inner-column elementor-element elementor-element-c6f29a8\" data-id=\"c6f29a8\" data-element_type=\"column\" data-settings=\"{&quot;background_background&quot;:&quot;classic&quot;}\">\n\t\t\t<div class=\"elementor-widget-wrap elementor-element-populated\">\n\t\t\t\t\t\t<div class=\"elementor-element elementor-element-228952b elementor-widget elementor-widget-image\" data-id=\"228952b\" data-element_type=\"widget\" data-widget_type=\"image.default\">\n\t\t\t\t<div class=\"elementor-widget-container\">\n\t\t\t\t\t\t\t\t\t\t\t\t\t<img decoding=\"async\" width=\"114\" height=\"22\" src=\"https:\/\/www.indianlandorthodontics.com\/wp-content\/uploads\/2022\/12\/5-star.png\" class=\"attachment-large size-large wp-image-2122\" alt=\"\" \/>\t\t\t\t\t\t\t\t\t\t\t\t\t<\/div>\n\t\t\t\t<\/div>\n\t\t\t\t<div class=\"elementor-element elementor-element-168a422 elementor-widget elementor-widget-heading\" data-id=\"168a422\" data-element_type=\"widget\" data-widget_type=\"heading.default\">\n\t\t\t\t<div class=\"elementor-widget-container\">\n\t\t\t<h2 class=\"elementor-heading-title elementor-size-default\">oxidado r.<\/h2>\t\t<\/div>\n\t\t\t\t<\/div>\n\t\t\t\t<div class=\"elementor-element elementor-element-daac901 elementor-widget elementor-widget-heading\" data-id=\"daac901\" data-element_type=\"widget\" data-widget_type=\"heading.default\">\n\t\t\t\t<div class=\"elementor-widget-container\">\n\t\t\t<h2 class=\"elementor-heading-title elementor-size-default\">Son, sin duda, el mejor ortodoncista de la zona.\n<\/h2>\t\t<\/div>\n\t\t\t\t<\/div>\n\t\t\t\t\t<\/div>\n\t\t<\/div>\n\t\t\t\t<div class=\"elementor-column elementor-col-33 elementor-inner-column elementor-element elementor-element-8a7a6e8\" data-id=\"8a7a6e8\" data-element_type=\"column\" data-settings=\"{&quot;background_background&quot;:&quot;classic&quot;}\">\n\t\t\t<div class=\"elementor-widget-wrap elementor-element-populated\">\n\t\t\t\t\t\t<div class=\"elementor-element elementor-element-a902654 elementor-widget elementor-widget-image\" data-id=\"a902654\" data-element_type=\"widget\" data-widget_type=\"image.default\">\n\t\t\t\t<div class=\"elementor-widget-container\">\n\t\t\t\t\t\t\t\t\t\t\t\t\t<img decoding=\"async\" width=\"114\" height=\"22\" src=\"https:\/\/www.indianlandorthodontics.com\/wp-content\/uploads\/2022\/12\/5-star.png\" class=\"attachment-large size-large wp-image-2122\" alt=\"\" \/>\t\t\t\t\t\t\t\t\t\t\t\t\t<\/div>\n\t\t\t\t<\/div>\n\t\t\t\t<div class=\"elementor-element elementor-element-c2c4d52 elementor-widget elementor-widget-heading\" data-id=\"c2c4d52\" data-element_type=\"widget\" data-widget_type=\"heading.default\">\n\t\t\t\t<div class=\"elementor-widget-container\">\n\t\t\t<h2 class=\"elementor-heading-title elementor-size-default\">ashley g.<\/h2>\t\t<\/div>\n\t\t\t\t<\/div>\n\t\t\t\t<div class=\"elementor-element elementor-element-a76b6dd elementor-widget elementor-widget-heading\" data-id=\"a76b6dd\" data-element_type=\"widget\" data-widget_type=\"heading.default\">\n\t\t\t\t<div class=\"elementor-widget-container\">\n\t\t\t<h2 class=\"elementor-heading-title elementor-size-default\">\u00a1Tuve una experiencia maravillosa haciendo Invisalign a trav\u00e9s de ortodoncias en tierras indias! El Dr. Kelly es muy minucioso y se asegur\u00f3 de que estuviera completamente satisfecho. Recomiendo encarecidamente esta pr\u00e1ctica para cualquier cuidado de ortodoncia.\n<\/h2>\t\t<\/div>\n\t\t\t\t<\/div>\n\t\t\t\t\t<\/div>\n\t\t<\/div>\n\t\t\t\t<div class=\"elementor-column elementor-col-33 elementor-inner-column elementor-element elementor-element-fe9e173\" data-id=\"fe9e173\" data-element_type=\"column\" data-settings=\"{&quot;background_background&quot;:&quot;classic&quot;}\">\n\t\t\t<div class=\"elementor-widget-wrap elementor-element-populated\">\n\t\t\t\t\t\t<div class=\"elementor-element elementor-element-f72572d elementor-widget elementor-widget-image\" data-id=\"f72572d\" data-element_type=\"widget\" data-widget_type=\"image.default\">\n\t\t\t\t<div class=\"elementor-widget-container\">\n\t\t\t\t\t\t\t\t\t\t\t\t\t<img decoding=\"async\" width=\"114\" height=\"22\" src=\"https:\/\/www.indianlandorthodontics.com\/wp-content\/uploads\/2022\/12\/5-star.png\" class=\"attachment-large size-large wp-image-2122\" alt=\"\" \/>\t\t\t\t\t\t\t\t\t\t\t\t\t<\/div>\n\t\t\t\t<\/div>\n\t\t\t\t<div class=\"elementor-element elementor-element-31e530d elementor-widget elementor-widget-heading\" data-id=\"31e530d\" data-element_type=\"widget\" data-widget_type=\"heading.default\">\n\t\t\t\t<div class=\"elementor-widget-container\">\n\t\t\t<h2 class=\"elementor-heading-title elementor-size-default\">Briana U.<\/h2>\t\t<\/div>\n\t\t\t\t<\/div>\n\t\t\t\t<div class=\"elementor-element elementor-element-fd6dc86 elementor-widget elementor-widget-heading\" data-id=\"fd6dc86\" data-element_type=\"widget\" data-widget_type=\"heading.default\">\n\t\t\t\t<div class=\"elementor-widget-container\">\n\t\t\t<h2 class=\"elementor-heading-title elementor-size-default\">\u00a1Excelente pr\u00e1ctica! \u00a1Gente excepcional que cuida mucho a sus pacientes! \u00a1Gracias por cuidar tan bien de nuestra familia!<\/h2>\t\t<\/div>\n\t\t\t\t<\/div>\n\t\t\t\t\t<\/div>\n\t\t<\/div>\n\t\t\t\t\t<\/div>\n\t\t<\/section>\n\t\t\t\t\t<\/div>\n\t\t<\/div>\n\t\t\t\t\t<\/div>\n\t\t<\/section>\n\t\t\t\t<\/div>","protected":false},"excerpt":{"rendered":"<p>Dr. Quimby &#8211; Orthodontist Indian Land SC Meet DR. MEREDITH L. QUIMBY Dr. Quimby is a Tarheel who has Midwestern roots. Growing up in Iowa, Meredith Quimby could usually be found on the golf course. She became the Iowa High School State Champion and was recruited throughout the country to play top tier golf. Weather, [&hellip;]<\/p>","protected":false},"author":16,"featured_media":292,"parent":0,"menu_order":0,"comment_status":"closed","ping_status":"closed","template":"","meta":{"inline_featured_image":false,"footnotes":""},"class_list":["post-2127","page","type-page","status-publish","has-post-thumbnail","hentry"],"yoast_head":"<!-- This site is optimized with the Yoast SEO plugin v23.4 - https:\/\/yoast.com\/wordpress\/plugins\/seo\/ -->\n<title>Dr. Meredith L. Quimby - Indian Land Orthodontics<\/title>\n<meta name=\"description\" content=\"Dr. Meredith L. Quimby graduated from the University of North Carolina-Chapel Hill with Bachelor of Arts degrees in Biology and Chemistry.\" \/>\n<meta name=\"robots\" content=\"index, follow, max-snippet:-1, max-image-preview:large, max-video-preview:-1\" \/>\n<link rel=\"canonical\" href=\"https:\/\/www.indianlandorthodontics.com\/es\/meet-dr-quimby\/\" \/>\n<meta property=\"og:locale\" content=\"es_MX\" \/>\n<meta property=\"og:type\" content=\"article\" \/>\n<meta property=\"og:title\" content=\"Dr. Meredith L. Quimby - Indian Land Orthodontics\" \/>\n<meta property=\"og:description\" content=\"Dr. Meredith L. Quimby graduated from the University of North Carolina-Chapel Hill with Bachelor of Arts degrees in Biology and Chemistry.\" \/>\n<meta property=\"og:url\" content=\"https:\/\/www.indianlandorthodontics.com\/es\/meet-dr-quimby\/\" \/>\n<meta property=\"og:site_name\" content=\"Indian Land Orthodontics\" \/>\n<meta property=\"article:modified_time\" content=\"2025-01-08T14:40:17+00:00\" \/>\n<meta property=\"og:image\" content=\"https:\/\/www.indianlandorthodontics.com\/wp-content\/uploads\/2022\/10\/about1.png\" \/>\n\t<meta property=\"og:image:width\" content=\"294\" \/>\n\t<meta property=\"og:image:height\" content=\"440\" \/>\n\t<meta property=\"og:image:type\" content=\"image\/png\" \/>\n<meta name=\"twitter:card\" content=\"summary_large_image\" \/>\n<meta name=\"twitter:label1\" content=\"Tiempo de lectura\" \/>\n\t<meta name=\"twitter:data1\" content=\"3 minutos\" \/>\n<script type=\"application\/ld+json\" class=\"yoast-schema-graph\">{\"@context\":\"https:\/\/schema.org\",\"@graph\":[{\"@type\":\"WebPage\",\"@id\":\"https:\/\/www.indianlandorthodontics.com\/meet-dr-quimby\/\",\"url\":\"https:\/\/www.indianlandorthodontics.com\/meet-dr-quimby\/\",\"name\":\"Dr. Meredith L. Quimby - Indian Land Orthodontics\",\"isPartOf\":{\"@id\":\"https:\/\/www.indianlandorthodontics.com\/#website\"},\"primaryImageOfPage\":{\"@id\":\"https:\/\/www.indianlandorthodontics.com\/meet-dr-quimby\/#primaryimage\"},\"image\":{\"@id\":\"https:\/\/www.indianlandorthodontics.com\/meet-dr-quimby\/#primaryimage\"},\"thumbnailUrl\":\"https:\/\/www.indianlandorthodontics.com\/wp-content\/uploads\/2022\/10\/about1.png\",\"datePublished\":\"2022-12-09T08:29:50+00:00\",\"dateModified\":\"2025-01-08T14:40:17+00:00\",\"description\":\"Dr. Meredith L. Quimby graduated from the University of North Carolina-Chapel Hill with Bachelor of Arts degrees in Biology and Chemistry.\",\"breadcrumb\":{\"@id\":\"https:\/\/www.indianlandorthodontics.com\/meet-dr-quimby\/#breadcrumb\"},\"inLanguage\":\"es\",\"potentialAction\":[{\"@type\":\"ReadAction\",\"target\":[\"https:\/\/www.indianlandorthodontics.com\/meet-dr-quimby\/\"]}]},{\"@type\":\"ImageObject\",\"inLanguage\":\"es\",\"@id\":\"https:\/\/www.indianlandorthodontics.com\/meet-dr-quimby\/#primaryimage\",\"url\":\"https:\/\/www.indianlandorthodontics.com\/wp-content\/uploads\/2022\/10\/about1.png\",\"contentUrl\":\"https:\/\/www.indianlandorthodontics.com\/wp-content\/uploads\/2022\/10\/about1.png\",\"width\":294,\"height\":440,\"caption\":\"Orthodontists in Indian Land SC\"},{\"@type\":\"BreadcrumbList\",\"@id\":\"https:\/\/www.indianlandorthodontics.com\/meet-dr-quimby\/#breadcrumb\",\"itemListElement\":[{\"@type\":\"ListItem\",\"position\":1,\"name\":\"Home\",\"item\":\"https:\/\/www.indianlandorthodontics.com\/\"},{\"@type\":\"ListItem\",\"position\":2,\"name\":\"MEET DR. MEREDITH L. QUIMBY\"}]},{\"@type\":\"WebSite\",\"@id\":\"https:\/\/www.indianlandorthodontics.com\/#website\",\"url\":\"https:\/\/www.indianlandorthodontics.com\/\",\"name\":\"Indian Land Orthodontics\",\"description\":\"\",\"publisher\":{\"@id\":\"https:\/\/www.indianlandorthodontics.com\/#organization\"},\"potentialAction\":[{\"@type\":\"SearchAction\",\"target\":{\"@type\":\"EntryPoint\",\"urlTemplate\":\"https:\/\/www.indianlandorthodontics.com\/?s={search_term_string}\"},\"query-input\":{\"@type\":\"PropertyValueSpecification\",\"valueRequired\":true,\"valueName\":\"search_term_string\"}}],\"inLanguage\":\"es\"},{\"@type\":\"Organization\",\"@id\":\"https:\/\/www.indianlandorthodontics.com\/#organization\",\"name\":\"Indianland Orthodontics\",\"url\":\"https:\/\/www.indianlandorthodontics.com\/\",\"logo\":{\"@type\":\"ImageObject\",\"inLanguage\":\"es\",\"@id\":\"https:\/\/www.indianlandorthodontics.com\/#\/schema\/logo\/image\/\",\"url\":\"https:\/\/www.indianlandorthodontics.com\/wp-content\/uploads\/2022\/10\/logo-1.png\",\"contentUrl\":\"https:\/\/www.indianlandorthodontics.com\/wp-content\/uploads\/2022\/10\/logo-1.png\",\"width\":215,\"height\":77,\"caption\":\"Indianland Orthodontics\"},\"image\":{\"@id\":\"https:\/\/www.indianlandorthodontics.com\/#\/schema\/logo\/image\/\"}}]}<\/script>\n<!-- \/ Yoast SEO plugin. -->","yoast_head_json":{"title":"Dr. Meredith L. Quimby - Indian Land Orthodontics","description":"Dr. Meredith L. Quimby graduated from the University of North Carolina-Chapel Hill with Bachelor of Arts degrees in Biology and Chemistry.","robots":{"index":"index","follow":"follow","max-snippet":"max-snippet:-1","max-image-preview":"max-image-preview:large","max-video-preview":"max-video-preview:-1"},"canonical":"https:\/\/www.indianlandorthodontics.com\/es\/meet-dr-quimby\/","og_locale":"es_MX","og_type":"article","og_title":"Dr. Meredith L. Quimby - Indian Land Orthodontics","og_description":"Dr. Meredith L. Quimby graduated from the University of North Carolina-Chapel Hill with Bachelor of Arts degrees in Biology and Chemistry.","og_url":"https:\/\/www.indianlandorthodontics.com\/es\/meet-dr-quimby\/","og_site_name":"Indian Land Orthodontics","article_modified_time":"2025-01-08T14:40:17+00:00","og_image":[{"width":294,"height":440,"url":"https:\/\/www.indianlandorthodontics.com\/wp-content\/uploads\/2022\/10\/about1.png","type":"image\/png"}],"twitter_card":"summary_large_image","twitter_misc":{"Tiempo de lectura":"3 minutos"},"schema":{"@context":"https:\/\/schema.org","@graph":[{"@type":"WebPage","@id":"https:\/\/www.indianlandorthodontics.com\/meet-dr-quimby\/","url":"https:\/\/www.indianlandorthodontics.com\/meet-dr-quimby\/","name":"Dr. Meredith L. Quimby - Indian Land Orthodontics","isPartOf":{"@id":"https:\/\/www.indianlandorthodontics.com\/#website"},"primaryImageOfPage":{"@id":"https:\/\/www.indianlandorthodontics.com\/meet-dr-quimby\/#primaryimage"},"image":{"@id":"https:\/\/www.indianlandorthodontics.com\/meet-dr-quimby\/#primaryimage"},"thumbnailUrl":"https:\/\/www.indianlandorthodontics.com\/wp-content\/uploads\/2022\/10\/about1.png","datePublished":"2022-12-09T08:29:50+00:00","dateModified":"2025-01-08T14:40:17+00:00","description":"Dr. Meredith L. Quimby graduated from the University of North Carolina-Chapel Hill with Bachelor of Arts degrees in Biology and Chemistry.","breadcrumb":{"@id":"https:\/\/www.indianlandorthodontics.com\/meet-dr-quimby\/#breadcrumb"},"inLanguage":"es","potentialAction":[{"@type":"ReadAction","target":["https:\/\/www.indianlandorthodontics.com\/meet-dr-quimby\/"]}]},{"@type":"ImageObject","inLanguage":"es","@id":"https:\/\/www.indianlandorthodontics.com\/meet-dr-quimby\/#primaryimage","url":"https:\/\/www.indianlandorthodontics.com\/wp-content\/uploads\/2022\/10\/about1.png","contentUrl":"https:\/\/www.indianlandorthodontics.com\/wp-content\/uploads\/2022\/10\/about1.png","width":294,"height":440,"caption":"Orthodontists in Indian Land SC"},{"@type":"BreadcrumbList","@id":"https:\/\/www.indianlandorthodontics.com\/meet-dr-quimby\/#breadcrumb","itemListElement":[{"@type":"ListItem","position":1,"name":"Home","item":"https:\/\/www.indianlandorthodontics.com\/"},{"@type":"ListItem","position":2,"name":"MEET DR. MEREDITH L. QUIMBY"}]},{"@type":"WebSite","@id":"https:\/\/www.indianlandorthodontics.com\/#website","url":"https:\/\/www.indianlandorthodontics.com\/","name":"Ortodoncia terrestre india","description":"","publisher":{"@id":"https:\/\/www.indianlandorthodontics.com\/#organization"},"potentialAction":[{"@type":"SearchAction","target":{"@type":"EntryPoint","urlTemplate":"https:\/\/www.indianlandorthodontics.com\/?s={search_term_string}"},"query-input":{"@type":"PropertyValueSpecification","valueRequired":true,"valueName":"search_term_string"}}],"inLanguage":"es"},{"@type":"Organization","@id":"https:\/\/www.indianlandorthodontics.com\/#organization","name":"Indianland Orthodontics","url":"https:\/\/www.indianlandorthodontics.com\/","logo":{"@type":"ImageObject","inLanguage":"es","@id":"https:\/\/www.indianlandorthodontics.com\/#\/schema\/logo\/image\/","url":"https:\/\/www.indianlandorthodontics.com\/wp-content\/uploads\/2022\/10\/logo-1.png","contentUrl":"https:\/\/www.indianlandorthodontics.com\/wp-content\/uploads\/2022\/10\/logo-1.png","width":215,"height":77,"caption":"Indianland Orthodontics"},"image":{"@id":"https:\/\/www.indianlandorthodontics.com\/#\/schema\/logo\/image\/"}}]}},"_links":{"self":[{"href":"https:\/\/www.indianlandorthodontics.com\/es\/wp-json\/wp\/v2\/pages\/2127","targetHints":{"allow":["GET"]}}],"collection":[{"href":"https:\/\/www.indianlandorthodontics.com\/es\/wp-json\/wp\/v2\/pages"}],"about":[{"href":"https:\/\/www.indianlandorthodontics.com\/es\/wp-json\/wp\/v2\/types\/page"}],"author":[{"embeddable":true,"href":"https:\/\/www.indianlandorthodontics.com\/es\/wp-json\/wp\/v2\/users\/16"}],"replies":[{"embeddable":true,"href":"https:\/\/www.indianlandorthodontics.com\/es\/wp-json\/wp\/v2\/comments?post=2127"}],"version-history":[{"count":3,"href":"https:\/\/www.indianlandorthodontics.com\/es\/wp-json\/wp\/v2\/pages\/2127\/revisions"}],"predecessor-version":[{"id":2441,"href":"https:\/\/www.indianlandorthodontics.com\/es\/wp-json\/wp\/v2\/pages\/2127\/revisions\/2441"}],"wp:featuredmedia":[{"embeddable":true,"href":"https:\/\/www.indianlandorthodontics.com\/es\/wp-json\/wp\/v2\/media\/292"}],"wp:attachment":[{"href":"https:\/\/www.indianlandorthodontics.com\/es\/wp-json\/wp\/v2\/media?parent=2127"}],"curies":[{"name":"wp","href":"https:\/\/api.w.org\/{rel}","templated":true}]}}